{"id":99,"date":"2021-01-04T09:39:14","date_gmt":"2021-01-04T12:39:14","guid":{"rendered":"http:\/\/157.86.218.141\/portal\/?page_id=99"},"modified":"2023-11-13T23:33:46","modified_gmt":"2023-11-14T02:33:46","slug":"visitas","status":"publish","type":"page","link":"https:\/\/ceara.fiocruz.br\/portal\/index.php\/contato\/visitas\/","title":{"rendered":"Visitas"},"content":{"rendered":"\n<figure class=\"wp-block-image size-full is-resized\"><img loading=\"lazy\" decoding=\"async\" src=\"https:\/\/ceara.fiocruz.br\/portal\/wp-content\/uploads\/visitas-site.png\" alt=\"\" class=\"wp-image-4542\" width=\"600\" height=\"450\" srcset=\"https:\/\/ceara.fiocruz.br\/portal\/wp-content\/uploads\/visitas-site.png 800w, https:\/\/ceara.fiocruz.br\/portal\/wp-content\/uploads\/visitas-site-300x225.png 300w, https:\/\/ceara.fiocruz.br\/portal\/wp-content\/uploads\/visitas-site-150x113.png 150w, https:\/\/ceara.fiocruz.br\/portal\/wp-content\/uploads\/visitas-site-768x576.png 768w\" sizes=\"auto, (max-width: 600px) 100vw, 600px\" \/><\/figure>\n\n\n\n<hr class=\"wp-block-separator has-alpha-channel-opacity\"\/>\n\n\n\n<h2 class=\"wp-block-heading\">Visitas t\u00e9cnicas \u00e0s instala\u00e7\u00f5es do Campus<\/h2>\n\n\n\n<p class=\"has-luminous-vivid-orange-color has-text-color\">Visitas  aos laborat\u00f3rios e outras instala\u00e7\u00f5es t\u00e9cnicas de interesse<\/p>\n\n\n\n<p>As visitas s\u00e3o guiadas e realizadas com agendamento pr\u00e9vio via e-mail: <\/p>\n\n\n\n<p><a href=\"mailto:visitas.fioce@fiocruz.br\" target=\"_blank\" rel=\"noreferrer noopener\">visitas.fioce@fiocruz.br<\/a><\/p>\n\n\n\n<p><strong>Para agendamento, informar no e-mail:<\/strong><\/p>\n\n\n\n<ul class=\"wp-block-list\">\n<li>Data desejada e turno da visita; (manh\u00e3: 9h \u00e0s 11h30 &#8211; tarde: 13h \u00e0s 15h30)<\/li>\n\n\n\n<li>Quantas pessoas vir\u00e3o visitar; <\/li>\n\n\n\n<li>O nome do respons\u00e1vel pelo grupo;<\/li>\n\n\n\n<li>As formas de contato com o respons\u00e1vel pelo grupo;<\/li>\n\n\n\n<li>Se deseja incluir visita \u00e0s exposi\u00e7\u00f5es.<\/li>\n<\/ul>\n\n\n\n<p>O solicitante receber\u00e1 um e-mail de confirma\u00e7\u00e3o do agendamento, com um formul\u00e1rio padr\u00e3o em anexo, a ser preenchido com o nome e a documenta\u00e7\u00e3o das pessoas que estar\u00e3o na visita. O formul\u00e1rio com todos os dados dever\u00e1 ser devolvido at\u00e9 48 horas \u00fateis <strong>antes da visita<\/strong> para que sejam liberados os acessos ao nosso campus.<\/p>\n\n\n\n<hr class=\"wp-block-separator has-alpha-channel-opacity\"\/>\n\n\n\n<h2 class=\"wp-block-heading\">Exposi\u00e7\u00f5es<\/h2>\n\n\n\n<p>Visitas mediante agendamento \u00e0s exposi\u00e7\u00f5es permanentes ou tempor\u00e1rias no Campus da Fiocruz Cear\u00e1.<\/p>\n\n\n\n<h4 class=\"wp-block-heading\">Envie sua solicita\u00e7\u00e3o de visitas para o email:<\/h4>\n\n\n\n<p><a href=\"mailto:visitas.fioce@fiocruz.br\" target=\"_blank\" rel=\"noreferrer noopener\">visitas.fioce@fiocruz.br<\/a><\/p>\n\n\n\n<p>Dados necess\u00e1rios:<\/p>\n\n\n\n<ul class=\"wp-block-list\">\n<li>Data desejada e turno da visita; (manh\u00e3: 9h \u00e0s 11h30 &#8211; tarde: 13h \u00e0s 15h30)<\/li>\n\n\n\n<li>Quantas pessoas vir\u00e3o visitar; <\/li>\n\n\n\n<li>O nome do respons\u00e1vel pelo grupo;<\/li>\n\n\n\n<li>As formas de contato com o respons\u00e1vel pelo grupo.<\/li>\n<\/ul>\n","protected":false},"excerpt":{"rendered":"<p>Visitas t\u00e9cnicas \u00e0s instala\u00e7\u00f5es do Campus Visitas aos laborat\u00f3rios e outras instala\u00e7\u00f5es t\u00e9cnicas de interesse As visitas s\u00e3o guiadas e realizadas com agendamento pr\u00e9vio via e-mail: visitas.fioce@fiocruz.br Para agendamento, informar no e-mail: O solicitante receber\u00e1 um e-mail de confirma\u00e7\u00e3o do agendamento, com um formul\u00e1rio padr\u00e3o em anexo, a ser preenchido com o nome e a [&hellip;]<\/p>\n","protected":false},"author":1,"featured_media":776,"parent":43,"menu_order":3,"comment_status":"open","ping_status":"closed","template":"contact-template.php","meta":{"footnotes":""},"class_list":["post-99","page","type-page","status-publish","has-post-thumbnail","hentry"],"_links":{"self":[{"href":"https:\/\/ceara.fiocruz.br\/portal\/index.php\/wp-json\/wp\/v2\/pages\/99","targetHints":{"allow":["GET"]}}],"collection":[{"href":"https:\/\/ceara.fiocruz.br\/portal\/index.php\/wp-json\/wp\/v2\/pages"}],"about":[{"href":"https:\/\/ceara.fiocruz.br\/portal\/index.php\/wp-json\/wp\/v2\/types\/page"}],"author":[{"embeddable":true,"href":"https:\/\/ceara.fiocruz.br\/portal\/index.php\/wp-json\/wp\/v2\/users\/1"}],"replies":[{"embeddable":true,"href":"https:\/\/ceara.fiocruz.br\/portal\/index.php\/wp-json\/wp\/v2\/comments?post=99"}],"version-history":[{"count":12,"href":"https:\/\/ceara.fiocruz.br\/portal\/index.php\/wp-json\/wp\/v2\/pages\/99\/revisions"}],"predecessor-version":[{"id":5575,"href":"https:\/\/ceara.fiocruz.br\/portal\/index.php\/wp-json\/wp\/v2\/pages\/99\/revisions\/5575"}],"up":[{"embeddable":true,"href":"https:\/\/ceara.fiocruz.br\/portal\/index.php\/wp-json\/wp\/v2\/pages\/43"}],"wp:featuredmedia":[{"embeddable":true,"href":"https:\/\/ceara.fiocruz.br\/portal\/index.php\/wp-json\/wp\/v2\/media\/776"}],"wp:attachment":[{"href":"https:\/\/ceara.fiocruz.br\/portal\/index.php\/wp-json\/wp\/v2\/media?parent=99"}],"curies":[{"name":"wp","href":"https:\/\/api.w.org\/{rel}","templated":true}]}}