{"id":75,"date":"2021-01-04T09:31:57","date_gmt":"2021-01-04T12:31:57","guid":{"rendered":"http:\/\/157.86.218.141\/portal\/?page_id=75"},"modified":"2023-01-19T16:15:14","modified_gmt":"2023-01-19T19:15:14","slug":"saude-e-ambiente","status":"publish","type":"page","link":"https:\/\/ceara.fiocruz.br\/portal\/index.php\/pesquisa\/saude-e-ambiente\/","title":{"rendered":"Sa\u00fade e Ambiente"},"content":{"rendered":"\n<hr class=\"wp-block-separator has-css-opacity\"\/>\n\n\n\n<p>A \u00e1rea de Sa\u00fade e Ambiente da Fiocruz Cear\u00e1 come\u00e7ou a ser estruturada no final de 2014, e desde ent\u00e3o, vem desenvolvendo projetos de pesquisa, educa\u00e7\u00e3o e coopera\u00e7\u00e3o com foco nas popula\u00e7\u00f5es do campo, da floresta, das \u00e1guas e de \u00e1reas urbanas vulner\u00e1veis.<\/p>\n\n\n\n<p>Os projetos s\u00e3o desenvolvidos por uma equipe formada por quatro pesquisadores doutores, mestres bolsistas de pesquisa e estagi\u00e1rios em parceria com a \u00e1rea de Sa\u00fade da Fam\u00edlia da Fiocruz Cear\u00e1, diversas unidades do sistema Fiocruz, institui\u00e7\u00f5es acad\u00eamicas do estado do Cear\u00e1 e de outros estados, setores do Sistema \u00danico de Sa\u00fade, movimentos populares, entidades e organiza\u00e7\u00f5es da sociedade civil.<\/p>\n\n\n\n<p>Com base em referenciais cr\u00edticos e dial\u00f3gicos e na perspectiva da produ\u00e7\u00e3o compartilhada do conhecimento, a \u00e1rea utiliza metodologias de pesquisa participativas nos diversos projetos desenvolvidos no \u00e2mbito das linhas de pesquisa sobre: Vigil\u00e2ncia Popular da Sa\u00fade; Sa\u00fade, agroecologia e conviv\u00eancia com o semi\u00e1rido; Impactos dos grandes empreendimentos na sa\u00fade; Aten\u00e7\u00e3o prim\u00e1ria em sa\u00fade, ambiente e trabalho; Sa\u00fade \u00fanica\/Sa\u00fade planet\u00e1ria (One Health\/Global Health); Metodologias de pesquisa cr\u00edtico-dial\u00f3gicas e participativas; Popula\u00e7\u00f5es do campo, floresta, \u00e1guas e \u00e1reas urbanas vulner\u00e1veis; e Exposi\u00e7\u00f5es ambientais e avalia\u00e7\u00e3o dos efeitos no ciclo de vida e na sa\u00fade humana e animal.<\/p>\n\n\n\n<p>A \u00e1rea de Sa\u00fade e Ambiente tem representa\u00e7\u00e3o no Conselho Gestor da Fiocruz Cear\u00e1 e, atualmente, \u00e9 coordenada pela pesquisadora Ana Cl\u00e1udia de Ara\u00fajo Teixeira e tem como suplente o pesquisador Fernando Ferreira Carneiro.<\/p>\n","protected":false},"excerpt":{"rendered":"<p>A \u00e1rea de Sa\u00fade e Ambiente da Fiocruz Cear\u00e1 come\u00e7ou a ser estruturada no final de 2014, e desde ent\u00e3o, vem desenvolvendo projetos de pesquisa, educa\u00e7\u00e3o e coopera\u00e7\u00e3o com foco nas popula\u00e7\u00f5es do campo, da floresta, das \u00e1guas e de \u00e1reas urbanas vulner\u00e1veis. Os projetos s\u00e3o desenvolvidos por uma equipe formada por quatro pesquisadores doutores, [&hellip;]<\/p>\n","protected":false},"author":1,"featured_media":602,"parent":33,"menu_order":4,"comment_status":"closed","ping_status":"closed","template":"saude-ambiente-template.php","meta":{"footnotes":""},"class_list":["post-75","page","type-page","status-publish","has-post-thumbnail","hentry"],"_links":{"self":[{"href":"https:\/\/ceara.fiocruz.br\/portal\/index.php\/wp-json\/wp\/v2\/pages\/75","targetHints":{"allow":["GET"]}}],"collection":[{"href":"https:\/\/ceara.fiocruz.br\/portal\/index.php\/wp-json\/wp\/v2\/pages"}],"about":[{"href":"https:\/\/ceara.fiocruz.br\/portal\/index.php\/wp-json\/wp\/v2\/types\/page"}],"author":[{"embeddable":true,"href":"https:\/\/ceara.fiocruz.br\/portal\/index.php\/wp-json\/wp\/v2\/users\/1"}],"replies":[{"embeddable":true,"href":"https:\/\/ceara.fiocruz.br\/portal\/index.php\/wp-json\/wp\/v2\/comments?post=75"}],"version-history":[{"count":7,"href":"https:\/\/ceara.fiocruz.br\/portal\/index.php\/wp-json\/wp\/v2\/pages\/75\/revisions"}],"predecessor-version":[{"id":3188,"href":"https:\/\/ceara.fiocruz.br\/portal\/index.php\/wp-json\/wp\/v2\/pages\/75\/revisions\/3188"}],"up":[{"embeddable":true,"href":"https:\/\/ceara.fiocruz.br\/portal\/index.php\/wp-json\/wp\/v2\/pages\/33"}],"wp:featuredmedia":[{"embeddable":true,"href":"https:\/\/ceara.fiocruz.br\/portal\/index.php\/wp-json\/wp\/v2\/media\/602"}],"wp:attachment":[{"href":"https:\/\/ceara.fiocruz.br\/portal\/index.php\/wp-json\/wp\/v2\/media?parent=75"}],"curies":[{"name":"wp","href":"https:\/\/api.w.org\/{rel}","templated":true}]}}