{"id":43,"date":"2021-01-04T09:11:36","date_gmt":"2021-01-04T12:11:36","guid":{"rendered":"http:\/\/157.86.218.141\/portal\/?page_id=43"},"modified":"2025-11-26T10:24:25","modified_gmt":"2025-11-26T13:24:25","slug":"contato","status":"publish","type":"page","link":"https:\/\/ceara.fiocruz.br\/portal\/index.php\/contato\/","title":{"rendered":"Contato"},"content":{"rendered":"\n<h4 class=\"wp-block-heading\">FIOCRUZ CEAR\u00c1<\/h4>\n\n\n\n<p>Rua S\u00e3o Jos\u00e9, s\/n, Precabura, Eus\u00e9bio\/CE<br>CEP 61.773-270<br>Telefone geral: (85) 3215-6450<\/p>\n\n\n\n<p>Informa\u00e7\u00f5es de contatos para setores espec\u00edficos podem ser encontradas nos menus de cada \u00e1rea, com suas respectivas listas de profissionais.<br>Para informa\u00e7\u00f5es gerais utilize o formul\u00e1rio de contatos da Funda\u00e7\u00e3o Oswaldo Cruz:<\/p>\n\n\n\n<p><a href=\"https:\/\/faleconosco.fiocruz.br\/incluir-mensagem\/ceara\">https:\/\/faleconosco.fiocruz.br\/incluir-mensagem\/ceara<\/a><\/p>\n\n\n\n<hr class=\"wp-block-separator has-alpha-channel-opacity\"\/>\n\n\n\n<h5 class=\"wp-block-heading\">Associa\u00e7\u00e3o dos Servidores<\/h5>\n\n\n\n<p>A Fiocruz Cear\u00e1 n\u00e3o possui diretoria pr\u00f3pria mas conta com representa\u00e7\u00e3o da Asfoc-SN: <\/p>\n\n\n\n<p>Contatos:<br><strong>Fernando Braga Stehling Dias<\/strong>:<br>E-mail: <a rel=\"noreferrer noopener\" href=\"mailto:fernando.dias@fiocruz.br\" target=\"_blank\">fernando.dias@fiocruz.br<\/a><br>Tel: (85) 3215-6932<br><strong>Giovanny Augusto Camacho Antevere Mazzarotto:<\/strong> <br>E-mail: <a rel=\"noreferrer noopener\" href=\"mailto:giovanny.mazzarotto@fiocruz.br\" target=\"_blank\">giovanny.mazzarotto@fiocruz.br<\/a><br>Tel: (85) 3215-6930<\/p>\n\n\n\n<p><\/p>\n\n\n\n<hr class=\"wp-block-separator has-alpha-channel-opacity\"\/>\n\n\n\n<h4 class=\"wp-block-heading\" id=\"block-e0ce781a-7456-4758-94ea-0bd3459aaf93\">Assessoria de Comunica\u00e7\u00e3o (ASCOM)<\/h4>\n\n\n\n<div class=\"wp-block-group alignwide\"><div class=\"wp-block-group__inner-container is-layout-flow wp-block-group-is-layout-flow\">\n<div class=\"wp-block-columns alignwide is-layout-flex wp-container-core-columns-is-layout-9d6595d7 wp-block-columns-is-layout-flex\">\n<div class=\"wp-block-column is-layout-flow wp-block-column-is-layout-flow\">\n<p><strong>Jornalismo<\/strong><br>Carolina Campos<br>Imprensa: (85) 9 8633 9933 <br>Fixo: (85) 3215-6907<br><a rel=\"noreferrer noopener\" href=\"mailto:carolina.oliveira@fiocruz.br\" target=\"_blank\">carolina.oliveira@fiocruz.br<\/a><a href=\"mailto:joao.estabile@fiocruz.br\"><br><\/a><\/p>\n<\/div>\n<\/div>\n<\/div><\/div>\n\n\n\n<p><\/p>\n\n\n\n<p><\/p>\n\n\n\n<p><\/p>\n","protected":false},"excerpt":{"rendered":"<p>FIOCRUZ CEAR\u00c1 Rua S\u00e3o Jos\u00e9, s\/n, Precabura, Eus\u00e9bio\/CECEP 61.773-270Telefone geral: (85) 3215-6450 Informa\u00e7\u00f5es de contatos para setores espec\u00edficos podem ser encontradas nos menus de cada \u00e1rea, com suas respectivas listas de profissionais.Para informa\u00e7\u00f5es gerais utilize o formul\u00e1rio de contatos da Funda\u00e7\u00e3o Oswaldo Cruz: https:\/\/faleconosco.fiocruz.br\/incluir-mensagem\/ceara Associa\u00e7\u00e3o dos Servidores A Fiocruz Cear\u00e1 n\u00e3o possui diretoria pr\u00f3pria mas [&hellip;]<\/p>\n","protected":false},"author":1,"featured_media":688,"parent":0,"menu_order":13,"comment_status":"closed","ping_status":"closed","template":"contact-template.php","meta":{"footnotes":""},"class_list":["post-43","page","type-page","status-publish","has-post-thumbnail","hentry"],"_links":{"self":[{"href":"https:\/\/ceara.fiocruz.br\/portal\/index.php\/wp-json\/wp\/v2\/pages\/43","targetHints":{"allow":["GET"]}}],"collection":[{"href":"https:\/\/ceara.fiocruz.br\/portal\/index.php\/wp-json\/wp\/v2\/pages"}],"about":[{"href":"https:\/\/ceara.fiocruz.br\/portal\/index.php\/wp-json\/wp\/v2\/types\/page"}],"author":[{"embeddable":true,"href":"https:\/\/ceara.fiocruz.br\/portal\/index.php\/wp-json\/wp\/v2\/users\/1"}],"replies":[{"embeddable":true,"href":"https:\/\/ceara.fiocruz.br\/portal\/index.php\/wp-json\/wp\/v2\/comments?post=43"}],"version-history":[{"count":28,"href":"https:\/\/ceara.fiocruz.br\/portal\/index.php\/wp-json\/wp\/v2\/pages\/43\/revisions"}],"predecessor-version":[{"id":8584,"href":"https:\/\/ceara.fiocruz.br\/portal\/index.php\/wp-json\/wp\/v2\/pages\/43\/revisions\/8584"}],"wp:featuredmedia":[{"embeddable":true,"href":"https:\/\/ceara.fiocruz.br\/portal\/index.php\/wp-json\/wp\/v2\/media\/688"}],"wp:attachment":[{"href":"https:\/\/ceara.fiocruz.br\/portal\/index.php\/wp-json\/wp\/v2\/media?parent=43"}],"curies":[{"name":"wp","href":"https:\/\/api.w.org\/{rel}","templated":true}]}}