{"id":39,"date":"2021-01-04T09:10:27","date_gmt":"2021-01-04T12:10:27","guid":{"rendered":"http:\/\/157.86.218.141\/portal\/?page_id=39"},"modified":"2026-03-17T09:13:30","modified_gmt":"2026-03-17T12:13:30","slug":"gestao","status":"publish","type":"page","link":"https:\/\/ceara.fiocruz.br\/portal\/index.php\/gestao\/","title":{"rendered":"Gest\u00e3o"},"content":{"rendered":"\n<p>A \u00e1rea de Gest\u00e3o e Desenvolvimento Institucional (GDI) na Fiocruz Cear\u00e1, em conson\u00e2ncia com o Plano Plurianual de A\u00e7\u00f5es e o Plano Quadrienal da Fiocruz, \u00e9 orientada pela constru\u00e7\u00e3o de resultados para a sociedade, tendo atrav\u00e9s de um processo intensamente participativo, realizado ciclos de planejamento e oficinas de prospec\u00e7\u00e3o de futuro. Contamos com uma equipe de t\u00e9cnicos, analistas e tecnologistas que s\u00e3o respons\u00e1veis pelo desenvolvimento de atividades como a Gest\u00e3o de Tecnologia da Informa\u00e7\u00e3o e Comunica\u00e7\u00e3o (SeTIC); Servi\u00e7o de Gest\u00e3o de Pessoas (SGP); Servi\u00e7o de Gest\u00e3o Administrativa; Gest\u00e3o de Planejamento, Coopera\u00e7\u00e3o e Projetos; Servi\u00e7os de Compras; Servi\u00e7o de Contratos; Servi\u00e7o de Patrim\u00f4nio e Seguran\u00e7a Patrimonial; Servi\u00e7o de Almoxarifado.<\/p>\n\n\n\n<hr class=\"wp-block-separator has-css-opacity\"\/>\n\n\n\n<h3 class=\"wp-block-heading has-text-align-left\" id=\"equipe\"><strong>Equipe<\/strong><br><br><\/h3>\n\n\n\n<div class=\"wp-block-group alignwide\"><div class=\"wp-block-group__inner-container is-layout-flow wp-block-group-is-layout-flow\">\n<div class=\"wp-block-columns alignwide is-layout-flex wp-container-core-columns-is-layout-9d6595d7 wp-block-columns-is-layout-flex\">\n<div class=\"wp-block-column is-layout-flow wp-block-column-is-layout-flow\">\n<h4 class=\"wp-block-heading\" id=\"coordenacao-geral\">Coordena\u00e7\u00e3o Geral<\/h4>\n\n\n\n<p>Carla Freire Celedonio Fernandes<br>(85) 3215-6915<br><a href=\"mailto:carlile.lavor@fiocruz.br\" target=\"_blank\" rel=\"noreferrer noopener nofollow\">carla.celedonio@fiocruz.br<\/a><\/p>\n\n\n\n<p><\/p>\n\n\n\n<h4 class=\"wp-block-heading\">Chefia de Gabinete<\/h4>\n\n\n\n<p>Adriana Costa Bacelo<br>(85) 3215-6904<br><a href=\"mailto:adriana.bacelo@fiocruz.br\" target=\"_blank\" rel=\"noreferrer noopener nofollow\">adriana.bacelo@fiocruz.br<\/a><\/p>\n<\/div>\n\n\n\n<div class=\"wp-block-column is-layout-flow wp-block-column-is-layout-flow\">\n<h4 class=\"wp-block-heading\" id=\"secretaria-da-coordenacao\"><\/h4>\n<\/div>\n<\/div>\n\n\n\n<h4 class=\"wp-block-heading\" id=\"secretaria-da-coordenacao\">Secretaria Executiva<\/h4>\n<\/div><\/div>\n\n\n\n<p>Jessiedna Holanda Lemos<br>(85) 3215-6465<br><a href=\"mailto:jessiedna.lemos@fiocruz.br\" target=\"_blank\" rel=\"noreferrer noopener nofollow\">jessiedna.lemos@fiocruz.br<\/a><\/p>\n\n\n\n<p>Arides Lima<br>(85) 3215-6912<br><a href=\"mailto:arides.lima@fiocruz.br\" target=\"_blank\" rel=\"noreferrer noopener nofollow\">arides.lima@fiocruz.br <\/a><\/p>\n\n\n\n<hr class=\"wp-block-separator has-alpha-channel-opacity\"\/>\n\n\n\n<div class=\"wp-block-group alignwide\"><div class=\"wp-block-group__inner-container is-layout-flow wp-block-group-is-layout-flow\">\n<div class=\"wp-block-columns alignwide is-layout-flex wp-container-core-columns-is-layout-9d6595d7 wp-block-columns-is-layout-flex\">\n<div class=\"wp-block-column is-vertically-aligned-center is-layout-flow wp-block-column-is-layout-flow\">\n<h4 class=\"wp-block-heading has-medium-font-size\" id=\"coordenacao-geral\"><strong>Coordena\u00e7\u00e3o de Gest\u00e3o e Desenvolvimento Institucional &#8211; CGDI<\/strong><\/h4>\n\n\n\n<p><strong>Coordenador<\/strong><br>Bruno Bezerra Carvalho<br>(85) 3215-6452<br><a href=\"mailto:bruno.carvalho@fiocruz.br\" target=\"_blank\" rel=\"noreferrer noopener nofollow\">bruno.carvalho@fiocruz.br<\/a><\/p>\n<\/div>\n<\/div>\n<\/div><\/div>\n\n\n\n<p><strong>Assessoria<\/strong><br>Geisa Francisco da Silva<br><a href=\"mailto:geisa.francisco@fiocruz.br\" target=\"_blank\" rel=\"noreferrer noopener nofollow\">geisa.francisco@fiocruz.br<\/a><br><a href=\"mailto:cgdi.fioce@fiocruz.br\" target=\"_blank\" rel=\"noreferrer noopener nofollow\">cgdi.fioce@fiocruz.br<\/a><\/p>\n\n\n\n<hr class=\"wp-block-separator has-alpha-channel-opacity\"\/>\n\n\n\n<h4 class=\"wp-block-heading has-medium-font-size\"><strong><mark style=\"background-color:rgba(0, 0, 0, 0)\" class=\"has-inline-color has-black-color\">Servi\u00e7o de Gest\u00e3o de Infraestrutura, Meio Ambiente e Manuten\u00e7\u00e3o<\/mark><br><\/strong><\/h4>\n\n\n\n<p><mark style=\"background-color:rgba(0, 0, 0, 0)\" class=\"has-inline-color has-black-color\">Gestor &#8211; Contrato de Facilities\/Normatel<br><\/mark>H\u00e9lio Coelho Silveira da Rosa<br>+(21) 2209-2108<br><a href=\"mailto:helio.silveira@fiocruz.br\" data-type=\"mailto\" data-id=\"mailto:helio.silveira@fiocruz.br\" target=\"_blank\" rel=\"noreferrer noopener nofollow\">helio.silveira@fiocruz.br<\/a><br><a href=\"simam.fioce@fiocruz.br\" target=\"_blank\" rel=\"noreferrer noopener\">simam.fioce@fiocruz.br<\/a><\/p>\n\n\n\n<div class=\"wp-block-group\"><div class=\"wp-block-group__inner-container is-layout-constrained wp-block-group-is-layout-constrained\">\n<div class=\"wp-block-columns is-layout-flex wp-container-core-columns-is-layout-9d6595d7 wp-block-columns-is-layout-flex\">\n<div class=\"wp-block-column is-layout-flow wp-block-column-is-layout-flow\">\n<p class=\"has-medium-font-size\"><mark style=\"background-color:rgba(0, 0, 0, 0)\" class=\"has-inline-color has-black-color\">Se\u00e7\u00e3o de Manuten\u00e7\u00e3o Predial<\/mark><\/p>\n\n\n\n<p>Ant\u00f4nia Yasmim da Costa Sales<br>(85) 3215-6472<br><a href=\"mailto:yasmim.sales@fiocruz.br\" target=\"_blank\" rel=\"noreferrer noopener nofollow\">yasmim.sales@fiocruz.br<\/a><\/p>\n\n\n\n<p>Amanda Gomes Fac\u00f3<br>(85) 3215-6472<br><a href=\"mailto:yasmin.sales@fiocruz.br\"><\/a><a href=\"mailto:amanda.faco@fiocruz.br\" target=\"_blank\" rel=\"noreferrer noopener nofollow\">amanda.faco@fiocruz.br<\/a><\/p>\n\n\n\n<p>Cecilia Katia Ferreira Santos<br>(85) 3215-6438<br><a href=\"mailto:yasmin.sales@fiocruz.br\"><\/a><a href=\"mailto:cecilia.santos@fiocruz.br\" target=\"_blank\" rel=\"noreferrer noopener nofollow\">cecilia.santos@fiocruz.br<\/a>r<\/p>\n\n\n\n<p>Romulo Silva dos Santos<br>(85) 3215-6921<br><a href=\"mailto:cecilia.santos@fiocruz.br\"><\/a><a href=\"mailto:romulo.santos@fiocruz.br\" target=\"_blank\" rel=\"noreferrer noopener nofollow\">romulo.santos@fiocruz.br<\/a><\/p>\n\n\n\n<p>Eliezio Lessa dos Santos<br>(85) 3215-6459<br><a href=\"mailto:eliezio.santos@fiocruz.br\" target=\"_blank\" rel=\"noreferrer noopener nofollow\">eliezio.santos@fiocruz.br<\/a><\/p>\n\n\n\n<p>Antonio Felipe Batista da Silva<br>(85) 3215-6439<br><a href=\"mailto:felipe.batista@fiocruz.br\" target=\"_blank\" rel=\"noreferrer noopener nofollow\">felipe.batista@fiocruz.br<\/a><\/p>\n<\/div>\n<\/div>\n<\/div><\/div>\n\n\n\n<p class=\"has-medium-font-size\"><mark style=\"background-color:rgba(0, 0, 0, 0)\" class=\"has-inline-color has-black-color\">Se\u00e7\u00e3o de Equipamentos de Laborat\u00f3rio<\/mark><\/p>\n\n\n\n<p>Paulo Rafael Silva da Sousa<br>(85) 3215-6964<br><a href=\"mailto:paulo.rafael@fiocruz.br\" target=\"_blank\" rel=\"noreferrer noopener nofollow\">paulo.rafael@fiocruz.br<\/a><\/p>\n\n\n\n<p class=\"has-medium-font-size\"><mark style=\"background-color:rgba(0, 0, 0, 0)\" class=\"has-inline-color has-black-color\">Se\u00e7\u00e3o de meio Ambiente<\/mark><\/p>\n\n\n\n<p>Bruno Marques Santiago<br>(85) 3215-6921<br><a href=\"mailto:bruno.santiago@fiocruz.br\" target=\"_blank\" rel=\"noreferrer noopener nofollow\">bruno.santiago@fiocruz.br<\/a><\/p>\n\n\n\n<hr class=\"wp-block-separator has-alpha-channel-opacity\"\/>\n\n\n\n<h4 class=\"wp-block-heading has-medium-font-size\"><strong><mark style=\"background-color:rgba(0, 0, 0, 0)\" class=\"has-inline-color has-black-color\">Servi\u00e7o de Administra\u00e7\u00e3o<\/mark><br><\/strong><\/h4>\n\n\n\n<p class=\"has-medium-font-size\"><mark style=\"background-color:rgba(0, 0, 0, 0)\" class=\"has-inline-color has-black-color\">Se\u00e7\u00e3o de Or\u00e7amento e Se\u00e7\u00e3o de Finan\u00e7as<\/mark><\/p>\n\n\n\n<p>Ezequiel Valentim de Melo<br>(85) 3215-6496<br><a href=\"mailto:ezequiel.melo@fiocruz.br\" target=\"_blank\" rel=\"noreferrer noopener nofollow\">ezequiel.melo@fiocruz.br<\/a><\/p>\n\n\n\n<p>Virg\u00edlio Leandro Freitas<br>(85) 3215-6928<br><a href=\"mailto:virgilio.freitas@fiocruz.br\" target=\"_blank\" rel=\"noreferrer noopener nofollow\">virgilio.freitas@fiocruz.br<\/a><\/p>\n\n\n\n<p class=\"has-medium-font-size\"><mark style=\"background-color:rgba(0, 0, 0, 0)\" class=\"has-inline-color has-black-color\">Se\u00e7\u00e3o de Gest\u00e3o de Contratos<\/mark><\/p>\n\n\n\n<p>Ivanildo Lopes Farias<br>(85) 3215-<br><a href=\"mailto:ivanildo.lopes@fiocruz.br\" target=\"_blank\" rel=\"noreferrer noopener nofollow\">ivanildo.lopes@fiocruz.br<\/a><\/p>\n\n\n\n<p class=\"has-medium-font-size\"><mark style=\"background-color:rgba(0, 0, 0, 0)\" class=\"has-inline-color has-black-color\">Se\u00e7\u00e3o de Seguran\u00e7a Patrimonial<\/mark><\/p>\n\n\n\n<p>Lorena de Sousa Mendes da Costa<br>(85) 3215-6435<br><a href=\"mailto:lorena.costa@fiocruz.br\" target=\"_blank\" rel=\"noreferrer noopener nofollow\">lorena.costa@fiocruz.br<\/a><\/p>\n\n\n\n<p>Alan Carlos Bento de Sousa<br>(85) 3215-6435<br><a href=\"mailto:alan.sousa@fiocruz.br\" target=\"_blank\" rel=\"noreferrer noopener nofollow\">alan.sousa@fiocruz.br<\/a><\/p>\n\n\n\n<p class=\"has-medium-font-size\"><mark style=\"background-color:rgba(0, 0, 0, 0)\" class=\"has-inline-color has-black-color\">Se\u00e7\u00e3o de Patrim\u00f4nio<\/mark><\/p>\n\n\n\n<p>Elian Matias da Silva<br>(85) 3215-6435<br><a href=\"mailto:elian.silva@fiocruz.br\" target=\"_blank\" rel=\"noreferrer noopener nofollow\">elian.silva@fiocruz.br<\/a><\/p>\n\n\n\n<hr class=\"wp-block-separator has-alpha-channel-opacity\"\/>\n\n\n\n<h4 class=\"wp-block-heading has-medium-font-size\" id=\"setor-de-recursos-humanos\"><mark style=\"background-color:rgba(0, 0, 0, 0)\" class=\"has-inline-color has-black-color\"><strong>Servi\u00e7o de Gest\u00e3o de Pessoas<\/strong><\/mark><\/h4>\n\n\n\n<p>Sergio dos Santos Reis<br>(85) 3215-6470<br><a href=\"mailto:sergio.reis@fiocruz.br\" target=\"_blank\" rel=\"noreferrer noopener nofollow\">sergio.reis@fiocruz.br<\/a><\/p>\n\n\n\n<p class=\"has-medium-font-size\"><mark style=\"background-color:rgba(0, 0, 0, 0)\" class=\"has-inline-color has-black-color\">Se\u00e7\u00e3o de Administra\u00e7\u00e3o de Recursos Humanos<\/mark><\/p>\n\n\n\n<p>Sara Edwirgens Campos Tavares<br>(85) 3215-6471<br><a href=\"mailtosara.tavares@fiocruz.br\" target=\"_blank\" rel=\"noreferrer noopener nofollow\">sara.tavares@fiocruz.br<\/a><\/p>\n\n\n\n<p class=\"has-medium-font-size\"><mark style=\"background-color:rgba(0, 0, 0, 0)\" class=\"has-inline-color has-black-color\">Se\u00e7\u00e3o de Sa\u00fade do Trabalhador<\/mark><\/p>\n\n\n\n<p>Jana\u00edna Oliveira da Silva<br><a href=\"mailtosara.tavares@fiocruz.br\" target=\"_blank\" rel=\"noreferrer noopener nofollow\">sara.tavares@fiocruz.br<\/a><\/p>\n\n\n\n<hr class=\"wp-block-separator has-css-opacity\"\/>\n\n\n\n<h4 class=\"wp-block-heading has-medium-font-size\" id=\"setor-de-compras\"><strong><mark style=\"background-color:rgba(0, 0, 0, 0)\" class=\"has-inline-color has-black-color\">Servi\u00e7o de Abastecimento<\/mark><br><\/strong><\/h4>\n\n\n\n<p class=\"has-medium-font-size\"><mark style=\"background-color:rgba(0, 0, 0, 0)\" class=\"has-inline-color has-black-color\">Se\u00e7\u00e3o de Compras e Contrata\u00e7\u00f5es<\/mark><\/p>\n\n\n\n<p>Jesus Cristiano Felix da Silva<br>(85) 3215-6927<br><a href=\"mailtocristiano.dasilva@fiocruz.br\" target=\"_blank\" rel=\"noreferrer noopener nofollow\">cristiano.dasilva@fiocruz.br<\/a><\/p>\n\n\n\n<p>Jos\u00e9 Jorge da Silva Junior<br>(85) 3215-6927<br><a href=\"mailtojorge.dasilva@fiocruz.br\" target=\"_blank\" rel=\"noreferrer noopener nofollow\">jorge.dasilva@fiocruz.br<\/a><\/p>\n\n\n\n<p>Amanda Cacau de Souza Paix\u00e3o<br>(85) 3215-6903<br><a href=\"http:\/\/mailtoamanda.paix\u00e3o@fiocruz.br\" target=\"_blank\" rel=\"noreferrer noopener nofollow\">amanda.paix\u00e3o@fiocruz.br<\/a><\/p>\n\n\n\n<p>Wagner Alves de Sousa Junior<br>(85) 3215-6497<br><a href=\"mailto:wagner.alves@fiocruz.br\" target=\"_blank\" rel=\"noreferrer noopener nofollow\">wagner.alves@fiocruz.br<\/a><\/p>\n\n\n\n<p class=\"has-medium-font-size\"><mark style=\"background-color:rgba(0, 0, 0, 0)\" class=\"has-inline-color has-black-color\">Se\u00e7\u00e3o de Almoxarifado e Expedi\u00e7\u00e3o<\/mark><\/p>\n\n\n\n<p>George Wellington Barros da Rocha<br>(85) 3215-6468<br><a href=\"mailtogerorge.rocha@fiocruz.br\" target=\"_blank\" rel=\"noreferrer noopener nofollow\">gerorge.rocha@fiocruz.br<\/a><\/p>\n\n\n\n<p>Dericky Carvalho Ribeiro Silva<br>(85) 3215-6430<br><a href=\"mailtodericky.silva@fiocruz.br\" target=\"_blank\" rel=\"noreferrer noopener nofollow\">dericky.silva@fiocruz.br<\/a><\/p>\n\n\n\n<p>Nilton Luiz Costa Machado<br>(85) 3215-<br><a href=\"mailtonilton.machado@fiocruz.br\" target=\"_blank\" rel=\"noreferrer noopener nofollow\">nilton.machado@fiocruz.br<\/a><\/p>\n\n\n\n<hr class=\"wp-block-separator has-css-opacity is-style-default\"\/>\n\n\n\n<h4 class=\"wp-block-heading has-medium-font-size\"><strong><mark style=\"background-color:rgba(0, 0, 0, 0)\" class=\"has-inline-color has-black-color\">Servi\u00e7o de Planejamento, Coopera\u00e7\u00e3o e Gest\u00e3o de Projetos<\/mark><br><\/strong><\/h4>\n\n\n\n<p class=\"has-medium-font-size\"><mark style=\"background-color:rgba(0, 0, 0, 0)\" class=\"has-inline-color has-black-color\">Se\u00e7\u00e3o de Planejamento<\/mark><\/p>\n\n\n\n<p>Luciana Coelho Serafim<br>(85) 3125-6909<br><a href=\"mailto:luciana.serafim@fiocruz.br\" target=\"_blank\" rel=\"noreferrer noopener nofollow\">luciana.serafim@fiocruz.br<\/a><\/p>\n\n\n\n<p>Maria de F\u00e1tima Sales Ribeiro<br>(85) 3215-6909<br><a href=\"mailto:luciana.serafim@fiocruz.br\" target=\"_blank\" rel=\"noreferrer noopener\">fatima.sales@fiocruz.br<\/a><\/p>\n\n\n\n<p class=\"has-medium-font-size\"><mark style=\"background-color:rgba(0, 0, 0, 0)\" class=\"has-inline-color has-black-color\">Se\u00e7\u00e3o de Coopera\u00e7\u00e3o e Gest\u00e3o de Projetos<\/mark><\/p>\n\n\n\n<p>Patricia Maria Ferreira da Silva<br>85 3215-6902<br><a href=\"mailto:patricia.silva@fiocruz.br\" target=\"_blank\" rel=\"noreferrer noopener\">patricia.silva@fiocruz.br<\/a><\/p>\n\n\n\n<p>Rejane Pereira da Silva<br>(85) 3215-6901<br><a href=\"mailto:rejane.pereira@fiocruz.br\">rejane.pereira@fiocruz.br<\/a><\/p>\n\n\n\n<hr class=\"wp-block-separator has-alpha-channel-opacity\"\/>\n\n\n\n<div class=\"wp-block-columns is-layout-flex wp-container-core-columns-is-layout-9d6595d7 wp-block-columns-is-layout-flex\">\n<div class=\"wp-block-column is-layout-flow wp-block-column-is-layout-flow\" style=\"flex-basis:100%\">\n<div class=\"wp-block-group is-nowrap is-layout-flex wp-container-core-group-is-layout-ad2f72ca wp-block-group-is-layout-flex\"><\/div>\n<\/div>\n<\/div>\n\n\n\n<hr class=\"wp-block-separator has-alpha-channel-opacity\"\/>\n","protected":false},"excerpt":{"rendered":"<p>A \u00e1rea de Gest\u00e3o e Desenvolvimento Institucional (GDI) na Fiocruz Cear\u00e1, em conson\u00e2ncia com o Plano Plurianual de A\u00e7\u00f5es e o Plano Quadrienal da Fiocruz, \u00e9 orientada pela constru\u00e7\u00e3o de resultados para a sociedade, tendo atrav\u00e9s de um processo intensamente participativo, realizado ciclos de planejamento e oficinas de prospec\u00e7\u00e3o de futuro. Contamos com uma equipe [&hellip;]<\/p>\n","protected":false},"author":1,"featured_media":2151,"parent":0,"menu_order":8,"comment_status":"closed","ping_status":"closed","template":"management-template.php","meta":{"footnotes":""},"class_list":["post-39","page","type-page","status-publish","has-post-thumbnail","hentry"],"_links":{"self":[{"href":"https:\/\/ceara.fiocruz.br\/portal\/index.php\/wp-json\/wp\/v2\/pages\/39","targetHints":{"allow":["GET"]}}],"collection":[{"href":"https:\/\/ceara.fiocruz.br\/portal\/index.php\/wp-json\/wp\/v2\/pages"}],"about":[{"href":"https:\/\/ceara.fiocruz.br\/portal\/index.php\/wp-json\/wp\/v2\/types\/page"}],"author":[{"embeddable":true,"href":"https:\/\/ceara.fiocruz.br\/portal\/index.php\/wp-json\/wp\/v2\/users\/1"}],"replies":[{"embeddable":true,"href":"https:\/\/ceara.fiocruz.br\/portal\/index.php\/wp-json\/wp\/v2\/comments?post=39"}],"version-history":[{"count":73,"href":"https:\/\/ceara.fiocruz.br\/portal\/index.php\/wp-json\/wp\/v2\/pages\/39\/revisions"}],"predecessor-version":[{"id":9096,"href":"https:\/\/ceara.fiocruz.br\/portal\/index.php\/wp-json\/wp\/v2\/pages\/39\/revisions\/9096"}],"wp:featuredmedia":[{"embeddable":true,"href":"https:\/\/ceara.fiocruz.br\/portal\/index.php\/wp-json\/wp\/v2\/media\/2151"}],"wp:attachment":[{"href":"https:\/\/ceara.fiocruz.br\/portal\/index.php\/wp-json\/wp\/v2\/media?parent=39"}],"curies":[{"name":"wp","href":"https:\/\/api.w.org\/{rel}","templated":true}]}}