{"id":67,"date":"2022-02-09T14:49:02","date_gmt":"2022-02-09T17:49:02","guid":{"rendered":"https:\/\/layerdrops.com\/pifoxenwp\/?page_id=67"},"modified":"2023-10-06T13:25:21","modified_gmt":"2023-10-06T16:25:21","slug":"contato","status":"publish","type":"page","link":"https:\/\/ceara.fiocruz.br\/nosapsbrasil\/contato\/","title":{"rendered":"Contato"},"content":{"rendered":"\t\t<div data-elementor-type=\"wp-page\" data-elementor-id=\"67\" class=\"elementor elementor-67\">\n\t\t\t\t\t\t\t\t\t<section class=\"elementor-section elementor-top-section elementor-element elementor-element-5786337 elementor-section-full_width elementor-section-height-default elementor-section-height-default wpr-particle-no wpr-jarallax-no wpr-parallax-no wpr-sticky-section-no\" data-id=\"5786337\" data-element_type=\"section\" data-settings=\"{&quot;_ha_eqh_enable&quot;:false}\">\n\t\t\t\t\t\t<div class=\"elementor-container elementor-column-gap-no\">\n\t\t\t\t\t<div class=\"elementor-column elementor-col-100 elementor-top-column elementor-element elementor-element-4906930\" data-id=\"4906930\" data-element_type=\"column\">\n\t\t\t<div class=\"elementor-widget-wrap elementor-element-populated\">\n\t\t\t\t\t\t\t\t<div class=\"elementor-element elementor-element-17a2141 elementor-widget elementor-widget-pifoxen-contact-form\" data-id=\"17a2141\" data-element_type=\"widget\" data-widget_type=\"pifoxen-contact-form.default\">\n\t\t\t\t<div class=\"elementor-widget-container\">\n\t\t\t\r\n    <!--Contact Page Start-->\r\n    <section class=\"contact-page\">\r\n        <div class=\"container\">\r\n            <div class=\"row\">\r\n                <div class=\"col-xl-4 col-lg-5\">\r\n                    <div class=\"contact-page__left\">\r\n                                                    <div class=\"section-title text-left\">\r\n                                                                    <span class=\"section-title__tagline\">Contate-nos<\/span>\r\n                                                                                                    <h2 class=\"section-title__title\">Entre em contato conosco<\/h2>\r\n                                                            <\/div>\r\n                                                                            <p class=\"contact-page__text\">Use nosso formul\u00e1rio ou clique em um dos links abaixo para entrar em contato conosco\n<\/p>\r\n                                                                            <div class=\"contact-page__social\">\r\n                                                                    <a target=_blank class=\"icon-svg\" href=\"#\">\r\n                                        <i aria-hidden=\"true\" class=\"  fab fa-youtube\"><\/i>                                    <\/a>\r\n                                                                    <a target=_blank class=\"icon-svg\" href=\"mailto:nosapsbrasil@fiocruz.br\">\r\n                                        <i aria-hidden=\"true\" class=\"   icon-email\"><\/i>                                    <\/a>\r\n                                                                    <a target=_blank class=\"icon-svg\" href=\"tel:+558532156450\">\r\n                                        <i aria-hidden=\"true\" class=\"  fas fa-phone-alt\"><\/i>                                    <\/a>\r\n                                                            <\/div>\r\n                                            <\/div>\r\n                <\/div>\r\n                <div class=\"col-xl-8 col-lg-7\">\r\n                    <div class=\"contact-page__right\">\r\n                                                    <div class=\"wpcf7 no-js\" id=\"wpcf7-f195-o1\" lang=\"en-US\" dir=\"ltr\">\n<div class=\"screen-reader-response\"><p role=\"status\" aria-live=\"polite\" aria-atomic=\"true\"><\/p> <ul><\/ul><\/div>\n<form action=\"\/nosapsbrasil\/wp-json\/wp\/v2\/pages\/67#wpcf7-f195-o1\" method=\"post\" class=\"wpcf7-form init\" aria-label=\"Contact form\" novalidate=\"novalidate\" data-status=\"init\">\n<div style=\"display: none;\">\n<input type=\"hidden\" name=\"_wpcf7\" value=\"195\" \/>\n<input type=\"hidden\" name=\"_wpcf7_version\" value=\"5.9.3\" \/>\n<input type=\"hidden\" name=\"_wpcf7_locale\" value=\"en_US\" \/>\n<input type=\"hidden\" name=\"_wpcf7_unit_tag\" value=\"wpcf7-f195-o1\" \/>\n<input type=\"hidden\" name=\"_wpcf7_container_post\" value=\"0\" \/>\n<input type=\"hidden\" name=\"_wpcf7_posted_data_hash\" value=\"\" \/>\n<\/div>\n<div class=\"comment-one__form\" >\n\t<div class=\"row\">\n\t\t<div class=\"col-xl-6\">\n\t\t\t<div class=\"comment-form__input-box\">\n\t\t\t\t<p><span class=\"wpcf7-form-control-wrap\" data-name=\"your-name\"><input size=\"40\" class=\"wpcf7-form-control wpcf7-text wpcf7-validates-as-required\" aria-required=\"true\" aria-invalid=\"false\" placeholder=\"Seu Nome\" value=\"\" type=\"text\" name=\"your-name\" \/><\/span>\n\t\t\t\t<\/p>\n\t\t\t<\/div>\n\t\t<\/div>\n\t\t<div class=\"col-xl-6\">\n\t\t\t<div class=\"comment-form__input-box\">\n\t\t\t\t<p><span class=\"wpcf7-form-control-wrap\" data-name=\"your-email\"><input size=\"40\" class=\"wpcf7-form-control wpcf7-email wpcf7-validates-as-required wpcf7-text wpcf7-validates-as-email\" aria-required=\"true\" aria-invalid=\"false\" placeholder=\"Seu Email\" value=\"\" type=\"email\" name=\"your-email\" \/><\/span>\n\t\t\t\t<\/p>\n\t\t\t<\/div>\n\t\t<\/div>\n\t\t<div class=\"col-xl-6\">\n\t\t\t<div class=\"comment-form__input-box\">\n\t\t\t\t<p><span class=\"wpcf7-form-control-wrap\" data-name=\"your-phone\"><input size=\"40\" class=\"wpcf7-form-control wpcf7-text\" aria-invalid=\"false\" placeholder=\"Telefone de Contato\" value=\"\" type=\"text\" name=\"your-phone\" \/><\/span>\n\t\t\t\t<\/p>\n\t\t\t<\/div>\n\t\t<\/div>\n\t\t<div class=\"col-xl-6\">\n\t\t\t<div class=\"comment-form__input-box\">\n\t\t\t\t<p><span class=\"wpcf7-form-control-wrap\" data-name=\"your-subject\"><input size=\"40\" class=\"wpcf7-form-control wpcf7-text\" aria-invalid=\"false\" value=\"Assunto\" type=\"text\" name=\"your-subject\" \/><\/span>\n\t\t\t\t<\/p>\n\t\t\t<\/div>\n\t\t<\/div>\n\t<\/div>\n\t<div class=\"row\">\n\t\t<div class=\"col-xl-12\">\n\t\t\t<div class=\"comment-form__input-box text-message-box\">\n\t\t\t\t<p><span class=\"wpcf7-form-control-wrap\" data-name=\"your-message\"><textarea cols=\"40\" rows=\"10\" class=\"wpcf7-form-control wpcf7-textarea\" aria-invalid=\"false\" placeholder=\"Escreva sua mensagem\" name=\"your-message\"><\/textarea><\/span>\n\t\t\t\t<\/p>\n\t\t\t<\/div>\n\t\t\t<div class=\"comment-form__btn-box\">\n\t\t\t\t<p><button type=\"submit\" class=\"thm-btn comment-form__btn\">Enviar<\/button>\n\t\t\t\t<\/p>\n\t\t\t<\/div>\n\t\t<\/div>\n\t<\/div>\n<\/div><div class=\"wpcf7-response-output\" aria-hidden=\"true\"><\/div>\n<\/form>\n<\/div>                                            <\/div>\r\n                <\/div>\r\n            <\/div>\r\n        <\/div>\r\n    <\/section>\r\n    <!--Contact Page End-->\r\n\r\n\t\t<\/div>\n\t\t\t\t<\/div>\n\t\t\t\t\t<\/div>\n\t\t<\/div>\n\t\t\t\t\t\t\t<\/div>\n\t\t<\/section>\n\t\t\t\t<section class=\"elementor-section elementor-top-section elementor-element elementor-element-31c3f33 elementor-section-full_width elementor-section-height-default elementor-section-height-default wpr-particle-no wpr-jarallax-no wpr-parallax-no wpr-sticky-section-no\" data-id=\"31c3f33\" data-element_type=\"section\" data-settings=\"{&quot;_ha_eqh_enable&quot;:false}\">\n\t\t\t\t\t\t<div class=\"elementor-container elementor-column-gap-no\">\n\t\t\t\t\t<div class=\"elementor-column elementor-col-100 elementor-top-column elementor-element elementor-element-acec2ba\" data-id=\"acec2ba\" data-element_type=\"column\">\n\t\t\t<div class=\"elementor-widget-wrap elementor-element-populated\">\n\t\t\t\t\t\t\t\t<div class=\"elementor-element elementor-element-66880a1 elementor-widget elementor-widget-pifoxen-info-box\" data-id=\"66880a1\" data-element_type=\"widget\" data-widget_type=\"pifoxen-info-box.default\">\n\t\t\t\t<div class=\"elementor-widget-container\">\n\t\t\t    <!--Contact Info Start-->\r\n    <section class=\"contact-info\">\r\n        <div class=\"container\">\r\n            <div class=\"row\">\r\n                                                            <div class=\"col-xl-4 col-lg-4\">\r\n                            <!--Contact Info Single-->\r\n                            <div class=\"contact-info__single contact-info__single-1\">\r\n                                <h4 class=\"contact-info__title\">Sobre<\/h4>\r\n                                <p class=\"contact-info__text\">Somos a Rede APS Brasil, formada por pesquisadores de Aten\u00e7\u00e3o Prim\u00e1ria \u00e0 Sa\u00fade<\/p>\r\n                            <\/div>\r\n                        <\/div>\r\n                                            <div class=\"col-xl-4 col-lg-4\">\r\n                            <!--Contact Info Single-->\r\n                            <div class=\"contact-info__single contact-info__single-2\">\r\n                                <h4 class=\"contact-info__title\">Endere\u00e7o<\/h4>\r\n                                <p class=\"contact-info__text\">Estamos localizados na Rua S\u00e3o Jos\u00e9, S\/N - Precabura, Eus\u00e9bio-CE<\/p>\r\n                            <\/div>\r\n                        <\/div>\r\n                                            <div class=\"col-xl-4 col-lg-4\">\r\n                            <!--Contact Info Single-->\r\n                            <div class=\"contact-info__single contact-info__single-3\">\r\n                                <h4 class=\"contact-info__title\">Contato<\/h4>\r\n                                <p class=\"contact-info__text\"><a href=\"mailto:nosapsbrasil@fiocruz.br\" class=\"contact-info__email\">nosapsbrasil@fiocruz.br<\/a>\n                                <a href=\"tel:+558532156450\" class=\"contact-info__phone\">+55 (85) 3215-6450<\/p>\r\n                            <\/div>\r\n                        <\/div>\r\n                                                <\/div>\r\n        <\/div>\r\n    <\/section>\r\n    <!--Contact Info End-->\r\n\t\t<\/div>\n\t\t\t\t<\/div>\n\t\t\t\t\t<\/div>\n\t\t<\/div>\n\t\t\t\t\t\t\t<\/div>\n\t\t<\/section>\n\t\t\t\t<section class=\"elementor-section elementor-top-section elementor-element elementor-element-8119522 elementor-section-full_width elementor-section-height-default elementor-section-height-default wpr-particle-no wpr-jarallax-no wpr-parallax-no wpr-sticky-section-no\" data-id=\"8119522\" data-element_type=\"section\" data-settings=\"{&quot;_ha_eqh_enable&quot;:false}\">\n\t\t\t\t\t\t<div class=\"elementor-container elementor-column-gap-no\">\n\t\t\t\t\t<div class=\"elementor-column elementor-col-100 elementor-top-column elementor-element elementor-element-df66c2e\" data-id=\"df66c2e\" data-element_type=\"column\">\n\t\t\t<div class=\"elementor-widget-wrap elementor-element-populated\">\n\t\t\t\t\t\t\t\t<div class=\"elementor-element elementor-element-51b2d28 elementor-widget elementor-widget-pifoxen-google-maps\" data-id=\"51b2d28\" data-element_type=\"widget\" data-widget_type=\"pifoxen-google-maps.default\">\n\t\t\t\t<div class=\"elementor-widget-container\">\n\t\t\t<div class=\"elementor-custom-embed\">\r\n\t<iframe src=\"https:\/\/maps.google.com\/maps?q=R.%20S%C3%A3o%20Jos%C3%A9%2C%20S%2FN%20-%20Precabura%2C%20Eus%C3%A9bio%20-%20CE&#038;t=m&#038;z=13&#038;output=embed&#038;iwloc=near\" title=\"R. S\u00e3o Jos\u00e9, S\/N - Precabura, Eus\u00e9bio - CE\" aria-label=\"R. S\u00e3o Jos\u00e9, S\/N - Precabura, Eus\u00e9bio - CE\"><\/iframe>\r\n<\/div>\t\t<\/div>\n\t\t\t\t<\/div>\n\t\t\t\t\t<\/div>\n\t\t<\/div>\n\t\t\t\t\t\t\t<\/div>\n\t\t<\/section>\n\t\t\t\t\t\t\t<\/div>\n\t\t","protected":false},"excerpt":{"rendered":"<p>Contate-nos Entre em contato conosco Use nosso formul\u00e1rio ou clique em um dos links abaixo para entrar em contato conosco Enviar Sobre Somos a Rede APS Brasil, formada por pesquisadores de Aten\u00e7\u00e3o Prim\u00e1ria \u00e0 Sa\u00fade Endere\u00e7o Estamos localizados na Rua S\u00e3o Jos\u00e9, S\/N &#8211; Precabura, Eus\u00e9bio-CE Contato nosapsbrasil@fiocruz.br +55 (85) 3215-6450<\/p>\n","protected":false},"author":1,"featured_media":0,"parent":0,"menu_order":0,"comment_status":"closed","ping_status":"closed","template":"elementor_header_footer","meta":{"footnotes":""},"class_list":["post-67","page","type-page","status-publish","hentry"],"_links":{"self":[{"href":"https:\/\/ceara.fiocruz.br\/nosapsbrasil\/wp-json\/wp\/v2\/pages\/67","targetHints":{"allow":["GET"]}}],"collection":[{"href":"https:\/\/ceara.fiocruz.br\/nosapsbrasil\/wp-json\/wp\/v2\/pages"}],"about":[{"href":"https:\/\/ceara.fiocruz.br\/nosapsbrasil\/wp-json\/wp\/v2\/types\/page"}],"author":[{"embeddable":true,"href":"https:\/\/ceara.fiocruz.br\/nosapsbrasil\/wp-json\/wp\/v2\/users\/1"}],"replies":[{"embeddable":true,"href":"https:\/\/ceara.fiocruz.br\/nosapsbrasil\/wp-json\/wp\/v2\/comments?post=67"}],"version-history":[{"count":48,"href":"https:\/\/ceara.fiocruz.br\/nosapsbrasil\/wp-json\/wp\/v2\/pages\/67\/revisions"}],"predecessor-version":[{"id":4430,"href":"https:\/\/ceara.fiocruz.br\/nosapsbrasil\/wp-json\/wp\/v2\/pages\/67\/revisions\/4430"}],"wp:attachment":[{"href":"https:\/\/ceara.fiocruz.br\/nosapsbrasil\/wp-json\/wp\/v2\/media?parent=67"}],"curies":[{"name":"wp","href":"https:\/\/api.w.org\/{rel}","templated":true}]}}