{"id":4460,"date":"2024-09-26T10:24:52","date_gmt":"2024-09-26T13:24:52","guid":{"rendered":"https:\/\/ceara.fiocruz.br\/nosapsbrasil\/?page_id=4460"},"modified":"2025-02-27T11:36:11","modified_gmt":"2025-02-27T14:36:11","slug":"atlas","status":"publish","type":"page","link":"https:\/\/ceara.fiocruz.br\/nosapsbrasil\/atlas\/","title":{"rendered":"Atlas da Viol\u00eancia na Perspectiva dos Agentes Comunit\u00e1rios de Sa\u00fade"},"content":{"rendered":"\t\t<div data-elementor-type=\"wp-page\" data-elementor-id=\"4460\" class=\"elementor elementor-4460\">\n\t\t\t\t\t\t\t\t\t<section class=\"elementor-section elementor-top-section elementor-element elementor-element-b50e212 elementor-section-boxed elementor-section-height-default elementor-section-height-default wpr-particle-no wpr-jarallax-no wpr-parallax-no wpr-sticky-section-no\" data-id=\"b50e212\" data-element_type=\"section\" data-settings=\"{&quot;_ha_eqh_enable&quot;:false}\">\n\t\t\t\t\t\t<div class=\"elementor-container elementor-column-gap-default\">\n\t\t\t\t\t<div class=\"elementor-column elementor-col-100 elementor-top-column elementor-element elementor-element-6b5873c\" data-id=\"6b5873c\" data-element_type=\"column\">\n\t\t\t<div class=\"elementor-widget-wrap elementor-element-populated\">\n\t\t\t\t\t\t\t\t<div class=\"elementor-element elementor-element-f378f12 elementor-widget elementor-widget-html\" data-id=\"f378f12\" data-element_type=\"widget\" data-widget_type=\"html.default\">\n\t\t\t\t<div class=\"elementor-widget-container\">\n\t\t\t<iframe loading=\"lazy\" title=\"DB_FIOCRUZ_V2-0\" width=\"600\" height=\"700\" src=\"https:\/\/creativepub.online\/nos_aps_brasil\/pt\/\" frameborder=\"0\" allowFullScreen=\"true\"><\/iframe>\t\t<\/div>\n\t\t\t\t<\/div>\n\t\t\t\t\t<\/div>\n\t\t<\/div>\n\t\t\t\t\t\t\t<\/div>\n\t\t<\/section>\n\t\t\t\t\t\t\t<\/div>\n\t\t","protected":false},"excerpt":{"rendered":"","protected":false},"author":1,"featured_media":0,"parent":0,"menu_order":0,"comment_status":"closed","ping_status":"closed","template":"elementor_header_footer","meta":{"footnotes":""},"class_list":["post-4460","page","type-page","status-publish","hentry"],"_links":{"self":[{"href":"https:\/\/ceara.fiocruz.br\/nosapsbrasil\/wp-json\/wp\/v2\/pages\/4460","targetHints":{"allow":["GET"]}}],"collection":[{"href":"https:\/\/ceara.fiocruz.br\/nosapsbrasil\/wp-json\/wp\/v2\/pages"}],"about":[{"href":"https:\/\/ceara.fiocruz.br\/nosapsbrasil\/wp-json\/wp\/v2\/types\/page"}],"author":[{"embeddable":true,"href":"https:\/\/ceara.fiocruz.br\/nosapsbrasil\/wp-json\/wp\/v2\/users\/1"}],"replies":[{"embeddable":true,"href":"https:\/\/ceara.fiocruz.br\/nosapsbrasil\/wp-json\/wp\/v2\/comments?post=4460"}],"version-history":[{"count":26,"href":"https:\/\/ceara.fiocruz.br\/nosapsbrasil\/wp-json\/wp\/v2\/pages\/4460\/revisions"}],"predecessor-version":[{"id":4628,"href":"https:\/\/ceara.fiocruz.br\/nosapsbrasil\/wp-json\/wp\/v2\/pages\/4460\/revisions\/4628"}],"wp:attachment":[{"href":"https:\/\/ceara.fiocruz.br\/nosapsbrasil\/wp-json\/wp\/v2\/media?parent=4460"}],"curies":[{"name":"wp","href":"https:\/\/api.w.org\/{rel}","templated":true}]}}