{"id":1349,"date":"2023-03-24T17:04:33","date_gmt":"2023-03-24T20:04:33","guid":{"rendered":"https:\/\/ceara.fiocruz.br\/nosapsbrasil\/?page_id=1349"},"modified":"2023-06-23T11:08:57","modified_gmt":"2023-06-23T14:08:57","slug":"projetos","status":"publish","type":"page","link":"https:\/\/ceara.fiocruz.br\/nosapsbrasil\/projetos\/","title":{"rendered":"Projetos"},"content":{"rendered":"\t\t<div data-elementor-type=\"wp-page\" data-elementor-id=\"1349\" class=\"elementor elementor-1349\">\n\t\t\t\t\t\t\t\t\t<section class=\"elementor-section elementor-top-section elementor-element elementor-element-4ceacaf elementor-section-boxed elementor-section-height-default elementor-section-height-default wpr-particle-no wpr-jarallax-no wpr-parallax-no wpr-sticky-section-no\" data-id=\"4ceacaf\" data-element_type=\"section\" data-settings=\"{&quot;_ha_eqh_enable&quot;:false}\">\n\t\t\t\t\t\t<div class=\"elementor-container elementor-column-gap-default\">\n\t\t\t\t\t<div class=\"elementor-column elementor-col-100 elementor-top-column elementor-element elementor-element-cb68e1b\" data-id=\"cb68e1b\" data-element_type=\"column\">\n\t\t\t<div class=\"elementor-widget-wrap elementor-element-populated\">\n\t\t\t\t\t\t\t\t<div class=\"elementor-element elementor-element-9f20f21 elementor-widget elementor-widget-spacer\" data-id=\"9f20f21\" data-element_type=\"widget\" data-widget_type=\"spacer.default\">\n\t\t\t\t<div class=\"elementor-widget-container\">\n\t\t\t<style>\/*! elementor - v3.15.0 - 09-08-2023 *\/\n.elementor-column .elementor-spacer-inner{height:var(--spacer-size)}.e-con{--container-widget-width:100%}.e-con-inner>.elementor-widget-spacer,.e-con>.elementor-widget-spacer{width:var(--container-widget-width,var(--spacer-size));--align-self:var(--container-widget-align-self,initial);--flex-shrink:0}.e-con-inner>.elementor-widget-spacer>.elementor-widget-container,.e-con-inner>.elementor-widget-spacer>.elementor-widget-container>.elementor-spacer,.e-con>.elementor-widget-spacer>.elementor-widget-container,.e-con>.elementor-widget-spacer>.elementor-widget-container>.elementor-spacer{height:100%}.e-con-inner>.elementor-widget-spacer>.elementor-widget-container>.elementor-spacer>.elementor-spacer-inner,.e-con>.elementor-widget-spacer>.elementor-widget-container>.elementor-spacer>.elementor-spacer-inner{height:var(--container-widget-height,var(--spacer-size))}<\/style>\t\t<div class=\"elementor-spacer\">\n\t\t\t<div class=\"elementor-spacer-inner\"><\/div>\n\t\t<\/div>\n\t\t\t\t<\/div>\n\t\t\t\t<\/div>\n\t\t\t\t<div class=\"elementor-element elementor-element-924a6e5 elementor-widget elementor-widget-pifoxen-section-header\" data-id=\"924a6e5\" data-element_type=\"widget\" data-widget_type=\"pifoxen-section-header.default\">\n\t\t\t\t<div class=\"elementor-widget-container\">\n\t\t\t<div class=\"section-title text-center\">\r\n            <span class=\"section-title__tagline\">Saiba mais sobre<\/span>\r\n                <h2 class=\"section-title__title\">Nossos Projetos<\/h2>\r\n    <\/div>\t\t<\/div>\n\t\t\t\t<\/div>\n\t\t\t\t<div class=\"elementor-element elementor-element-19e367d elementor-widget elementor-widget-pifoxen-blog\" data-id=\"19e367d\" data-element_type=\"widget\" data-widget_type=\"pifoxen-blog.default\">\n\t\t\t\t<div class=\"elementor-widget-container\">\n\t\t\t\t<div class=\"row\">\r\n\t\t\t\t\r\n\t\t\t<div class=\"col-xl-6 col-lg-6 wow fadeInUp\" data-wow-delay=\"100ms\">\r\n\t\t\t\t<div class=\"blog-one__single\">\r\n\t\t\t\t\t\t\t\t\t\t\t<div class=\"blog-one__img\">\r\n\t\t\t\t\t\t\t<img loading=\"lazy\" decoding=\"async\" width=\"370\" height=\"312\" src=\"https:\/\/ceara.fiocruz.br\/nosapsbrasil\/wp-content\/uploads\/2026\/02\/WhatsApp-Image-2026-02-04-at-15.06.42-370x312.jpeg\" class=\"attachment-pifoxen_blog_370X312 size-pifoxen_blog_370X312 wp-post-image\" alt=\"\" \/>\t\t\t\t\t\t\t<div class=\"blog-one__date\">\r\n\t\t\t\t\t\t\t\t<p>10 fev<\/p>\r\n\t\t\t\t\t\t\t<\/div>\r\n\t\t\t\t\t\t\t<a href=\"https:\/\/ceara.fiocruz.br\/nosapsbrasil\/atencao-longitudinal-a-saude-materna-e-neonatal-na-estrategia-saude-da-familia-estudo-de-coortes-eletronicas-em-municipios-cearenses\/\">\r\n\t\t\t\t\t\t\t\t<span class=\"news-one__plus\"><\/span>\r\n\t\t\t\t\t\t\t<\/a>\r\n\t\t\t\t\t\t<\/div>\r\n\t\t\t\t\t\t\t\t\t\t<div class=\"blog-one__content\">\r\n\t\t\t\t\t\t<h3 class=\"blog-one__title\">\r\n\t\t\t\t\t\t\t<a href=\"https:\/\/ceara.fiocruz.br\/nosapsbrasil\/atencao-longitudinal-a-saude-materna-e-neonatal-na-estrategia-saude-da-familia-estudo-de-coortes-eletronicas-em-municipios-cearenses\/\">Aten\u00e7\u00e3o longitudinal a sa\u00fade materna e neonatal na Estrat\u00e9gia Sa\u00fade da Fam\u00edlia: estudo de coortes eletr\u00f4nicas em munic\u00edpios cearenses<\/a>\r\n\t\t\t\t\t\t<\/h3>\r\n\t\t\t\t\t\t<div class=\"blog-one__bottom\">\r\n\t\t\t\t\t\t\t<a href=\"https:\/\/ceara.fiocruz.br\/nosapsbrasil\/atencao-longitudinal-a-saude-materna-e-neonatal-na-estrategia-saude-da-familia-estudo-de-coortes-eletronicas-em-municipios-cearenses\/\" class=\"blog-one__btn\">Leia Mais<\/a>\r\n\t\t\t\t\t\t\t<a href=\"https:\/\/ceara.fiocruz.br\/nosapsbrasil\/atencao-longitudinal-a-saude-materna-e-neonatal-na-estrategia-saude-da-familia-estudo-de-coortes-eletronicas-em-municipios-cearenses\/\" class=\"blog-one__arrow\"><span class=\"icon-right-arrow\"><\/span><\/a>\r\n\t\t\t\t\t\t<\/div>\r\n\t\t\t\t\t<\/div>\r\n\t\t\t\t<\/div>\r\n\t\t\t<\/div>\r\n\t\t\r\n\t\t\t<div class=\"col-xl-6 col-lg-6 wow fadeInUp\" data-wow-delay=\"100ms\">\r\n\t\t\t\t<div class=\"blog-one__single\">\r\n\t\t\t\t\t\t\t\t\t\t\t<div class=\"blog-one__img\">\r\n\t\t\t\t\t\t\t<img loading=\"lazy\" decoding=\"async\" width=\"370\" height=\"312\" src=\"https:\/\/ceara.fiocruz.br\/nosapsbrasil\/wp-content\/uploads\/2026\/02\/Imagem-do-WhatsApp-de-2025-07-23-as-10.34.45_730776da-370x312.jpg\" class=\"attachment-pifoxen_blog_370X312 size-pifoxen_blog_370X312 wp-post-image\" alt=\"\" \/>\t\t\t\t\t\t\t<div class=\"blog-one__date\">\r\n\t\t\t\t\t\t\t\t<p>10 fev<\/p>\r\n\t\t\t\t\t\t\t<\/div>\r\n\t\t\t\t\t\t\t<a href=\"https:\/\/ceara.fiocruz.br\/nosapsbrasil\/implicacoes-da-violencia-urbana-para-a-promocao-de-territorios-saudaveis-no-contexto-da-saude-da-familia\/\">\r\n\t\t\t\t\t\t\t\t<span class=\"news-one__plus\"><\/span>\r\n\t\t\t\t\t\t\t<\/a>\r\n\t\t\t\t\t\t<\/div>\r\n\t\t\t\t\t\t\t\t\t\t<div class=\"blog-one__content\">\r\n\t\t\t\t\t\t<h3 class=\"blog-one__title\">\r\n\t\t\t\t\t\t\t<a href=\"https:\/\/ceara.fiocruz.br\/nosapsbrasil\/implicacoes-da-violencia-urbana-para-a-promocao-de-territorios-saudaveis-no-contexto-da-saude-da-familia\/\">Implica\u00e7\u00f5es da Viol\u00eancia Urbana para a promo\u00e7\u00e3o de territ\u00f3rios saud\u00e1veis no contexto da Sa\u00fade da Fam\u00edlia<\/a>\r\n\t\t\t\t\t\t<\/h3>\r\n\t\t\t\t\t\t<div class=\"blog-one__bottom\">\r\n\t\t\t\t\t\t\t<a href=\"https:\/\/ceara.fiocruz.br\/nosapsbrasil\/implicacoes-da-violencia-urbana-para-a-promocao-de-territorios-saudaveis-no-contexto-da-saude-da-familia\/\" class=\"blog-one__btn\">Leia Mais<\/a>\r\n\t\t\t\t\t\t\t<a href=\"https:\/\/ceara.fiocruz.br\/nosapsbrasil\/implicacoes-da-violencia-urbana-para-a-promocao-de-territorios-saudaveis-no-contexto-da-saude-da-familia\/\" class=\"blog-one__arrow\"><span class=\"icon-right-arrow\"><\/span><\/a>\r\n\t\t\t\t\t\t<\/div>\r\n\t\t\t\t\t<\/div>\r\n\t\t\t\t<\/div>\r\n\t\t\t<\/div>\r\n\t\t\r\n\t\t\t<div class=\"col-xl-6 col-lg-6 wow fadeInUp\" data-wow-delay=\"100ms\">\r\n\t\t\t\t<div class=\"blog-one__single\">\r\n\t\t\t\t\t\t\t\t\t\t\t<div class=\"blog-one__img\">\r\n\t\t\t\t\t\t\t<img loading=\"lazy\" decoding=\"async\" width=\"370\" height=\"312\" src=\"https:\/\/ceara.fiocruz.br\/nosapsbrasil\/wp-content\/uploads\/2023\/03\/1-1-370x312.jpg\" class=\"attachment-pifoxen_blog_370X312 size-pifoxen_blog_370X312 wp-post-image\" alt=\"\" \/>\t\t\t\t\t\t\t<div class=\"blog-one__date\">\r\n\t\t\t\t\t\t\t\t<p>30 maio<\/p>\r\n\t\t\t\t\t\t\t<\/div>\r\n\t\t\t\t\t\t\t<a href=\"https:\/\/ceara.fiocruz.br\/nosapsbrasil\/efeito-da-covid-19-e-da-violencia-no-processo-de-trabalho-e-na-saude-mental-dos-agentes-comunitarios-de-saude-no-brasil\/\">\r\n\t\t\t\t\t\t\t\t<span class=\"news-one__plus\"><\/span>\r\n\t\t\t\t\t\t\t<\/a>\r\n\t\t\t\t\t\t<\/div>\r\n\t\t\t\t\t\t\t\t\t\t<div class=\"blog-one__content\">\r\n\t\t\t\t\t\t<h3 class=\"blog-one__title\">\r\n\t\t\t\t\t\t\t<a href=\"https:\/\/ceara.fiocruz.br\/nosapsbrasil\/efeito-da-covid-19-e-da-violencia-no-processo-de-trabalho-e-na-saude-mental-dos-agentes-comunitarios-de-saude-no-brasil\/\">Efeito da Covid-19 e da Viol\u00eancia no Processo de Trabalho e na Sa\u00fade Mental dos Agentes Comunit\u00e1rios de Sa\u00fade no Brasil<\/a>\r\n\t\t\t\t\t\t<\/h3>\r\n\t\t\t\t\t\t<div class=\"blog-one__bottom\">\r\n\t\t\t\t\t\t\t<a href=\"https:\/\/ceara.fiocruz.br\/nosapsbrasil\/efeito-da-covid-19-e-da-violencia-no-processo-de-trabalho-e-na-saude-mental-dos-agentes-comunitarios-de-saude-no-brasil\/\" class=\"blog-one__btn\">Leia Mais<\/a>\r\n\t\t\t\t\t\t\t<a href=\"https:\/\/ceara.fiocruz.br\/nosapsbrasil\/efeito-da-covid-19-e-da-violencia-no-processo-de-trabalho-e-na-saude-mental-dos-agentes-comunitarios-de-saude-no-brasil\/\" class=\"blog-one__arrow\"><span class=\"icon-right-arrow\"><\/span><\/a>\r\n\t\t\t\t\t\t<\/div>\r\n\t\t\t\t\t<\/div>\r\n\t\t\t\t<\/div>\r\n\t\t\t<\/div>\r\n\t\t\r\n\t\t\t<div class=\"col-xl-6 col-lg-6 wow fadeInUp\" data-wow-delay=\"100ms\">\r\n\t\t\t\t<div class=\"blog-one__single\">\r\n\t\t\t\t\t\t\t\t\t\t\t<div class=\"blog-one__img\">\r\n\t\t\t\t\t\t\t<img loading=\"lazy\" decoding=\"async\" width=\"370\" height=\"312\" src=\"https:\/\/ceara.fiocruz.br\/nosapsbrasil\/wp-content\/uploads\/2023\/05\/WhatsApp-Image-2023-05-31-at-18.42.03-370x312.jpeg\" class=\"attachment-pifoxen_blog_370X312 size-pifoxen_blog_370X312 wp-post-image\" alt=\"\" \/>\t\t\t\t\t\t\t<div class=\"blog-one__date\">\r\n\t\t\t\t\t\t\t\t<p>30 maio<\/p>\r\n\t\t\t\t\t\t\t<\/div>\r\n\t\t\t\t\t\t\t<a href=\"https:\/\/ceara.fiocruz.br\/nosapsbrasil\/resiliencia-dossistemas-de-saudefrente-a-covid-19-e-aviolencia-urbana-naperspectiva-doagente-comunitariode-saude\/\">\r\n\t\t\t\t\t\t\t\t<span class=\"news-one__plus\"><\/span>\r\n\t\t\t\t\t\t\t<\/a>\r\n\t\t\t\t\t\t<\/div>\r\n\t\t\t\t\t\t\t\t\t\t<div class=\"blog-one__content\">\r\n\t\t\t\t\t\t<h3 class=\"blog-one__title\">\r\n\t\t\t\t\t\t\t<a href=\"https:\/\/ceara.fiocruz.br\/nosapsbrasil\/resiliencia-dossistemas-de-saudefrente-a-covid-19-e-aviolencia-urbana-naperspectiva-doagente-comunitariode-saude\/\">Resili\u00eancia dos Sistemas de Sa\u00fade Frente \u00e0 Covid-19 e \u00e0 Viol\u00eancia Urbana na perspectiva do Agente Comunit\u00e1rio de Sa\u00fade<\/a>\r\n\t\t\t\t\t\t<\/h3>\r\n\t\t\t\t\t\t<div class=\"blog-one__bottom\">\r\n\t\t\t\t\t\t\t<a href=\"https:\/\/ceara.fiocruz.br\/nosapsbrasil\/resiliencia-dossistemas-de-saudefrente-a-covid-19-e-aviolencia-urbana-naperspectiva-doagente-comunitariode-saude\/\" class=\"blog-one__btn\">Leia Mais<\/a>\r\n\t\t\t\t\t\t\t<a href=\"https:\/\/ceara.fiocruz.br\/nosapsbrasil\/resiliencia-dossistemas-de-saudefrente-a-covid-19-e-aviolencia-urbana-naperspectiva-doagente-comunitariode-saude\/\" class=\"blog-one__arrow\"><span class=\"icon-right-arrow\"><\/span><\/a>\r\n\t\t\t\t\t\t<\/div>\r\n\t\t\t\t\t<\/div>\r\n\t\t\t\t<\/div>\r\n\t\t\t<\/div>\r\n\t\t\r\n\t\t\t<div class=\"col-xl-6 col-lg-6 wow fadeInUp\" data-wow-delay=\"100ms\">\r\n\t\t\t\t<div class=\"blog-one__single\">\r\n\t\t\t\t\t\t\t\t\t\t\t<div class=\"blog-one__img\">\r\n\t\t\t\t\t\t\t<img loading=\"lazy\" decoding=\"async\" width=\"370\" height=\"265\" src=\"https:\/\/ceara.fiocruz.br\/nosapsbrasil\/wp-content\/uploads\/2023\/03\/2.png\" class=\"attachment-pifoxen_blog_370X312 size-pifoxen_blog_370X312 wp-post-image\" alt=\"\" \/>\t\t\t\t\t\t\t<div class=\"blog-one__date\">\r\n\t\t\t\t\t\t\t\t<p>31 mar<\/p>\r\n\t\t\t\t\t\t\t<\/div>\r\n\t\t\t\t\t\t\t<a href=\"https:\/\/ceara.fiocruz.br\/nosapsbrasil\/impacto-da-violencia-no-processo-de-trabalho-e-saude-mental-dos-agentes-comunitarios-de-saude\/\">\r\n\t\t\t\t\t\t\t\t<span class=\"news-one__plus\"><\/span>\r\n\t\t\t\t\t\t\t<\/a>\r\n\t\t\t\t\t\t<\/div>\r\n\t\t\t\t\t\t\t\t\t\t<div class=\"blog-one__content\">\r\n\t\t\t\t\t\t<h3 class=\"blog-one__title\">\r\n\t\t\t\t\t\t\t<a href=\"https:\/\/ceara.fiocruz.br\/nosapsbrasil\/impacto-da-violencia-no-processo-de-trabalho-e-saude-mental-dos-agentes-comunitarios-de-saude\/\">Impacto da Viol\u00eancia no Processo de Trabalho e Sa\u00fade Mental dos Agentes Comunit\u00e1rios de Sa\u00fade<\/a>\r\n\t\t\t\t\t\t<\/h3>\r\n\t\t\t\t\t\t<div class=\"blog-one__bottom\">\r\n\t\t\t\t\t\t\t<a href=\"https:\/\/ceara.fiocruz.br\/nosapsbrasil\/impacto-da-violencia-no-processo-de-trabalho-e-saude-mental-dos-agentes-comunitarios-de-saude\/\" class=\"blog-one__btn\">Leia Mais<\/a>\r\n\t\t\t\t\t\t\t<a href=\"https:\/\/ceara.fiocruz.br\/nosapsbrasil\/impacto-da-violencia-no-processo-de-trabalho-e-saude-mental-dos-agentes-comunitarios-de-saude\/\" class=\"blog-one__arrow\"><span class=\"icon-right-arrow\"><\/span><\/a>\r\n\t\t\t\t\t\t<\/div>\r\n\t\t\t\t\t<\/div>\r\n\t\t\t\t<\/div>\r\n\t\t\t<\/div>\r\n\t\t\r\n\t\t\t<div class=\"col-xl-6 col-lg-6 wow fadeInUp\" data-wow-delay=\"100ms\">\r\n\t\t\t\t<div class=\"blog-one__single\">\r\n\t\t\t\t\t\t\t\t\t\t\t<div class=\"blog-one__img\">\r\n\t\t\t\t\t\t\t<img loading=\"lazy\" decoding=\"async\" width=\"370\" height=\"262\" src=\"https:\/\/ceara.fiocruz.br\/nosapsbrasil\/wp-content\/uploads\/2023\/03\/3.jpg\" class=\"attachment-pifoxen_blog_370X312 size-pifoxen_blog_370X312 wp-post-image\" alt=\"\" \/>\t\t\t\t\t\t\t<div class=\"blog-one__date\">\r\n\t\t\t\t\t\t\t\t<p>31 mar<\/p>\r\n\t\t\t\t\t\t\t<\/div>\r\n\t\t\t\t\t\t\t<a href=\"https:\/\/ceara.fiocruz.br\/nosapsbrasil\/covid-19-e-a-violencia-urbana-repercussoes-no-trabalho-e-na-saude-mental-de-agentes-comunitarios-de-saude\/\">\r\n\t\t\t\t\t\t\t\t<span class=\"news-one__plus\"><\/span>\r\n\t\t\t\t\t\t\t<\/a>\r\n\t\t\t\t\t\t<\/div>\r\n\t\t\t\t\t\t\t\t\t\t<div class=\"blog-one__content\">\r\n\t\t\t\t\t\t<h3 class=\"blog-one__title\">\r\n\t\t\t\t\t\t\t<a href=\"https:\/\/ceara.fiocruz.br\/nosapsbrasil\/covid-19-e-a-violencia-urbana-repercussoes-no-trabalho-e-na-saude-mental-de-agentes-comunitarios-de-saude\/\">Covid-19 e a Viol\u00eancia Urbana: Repercuss\u00f5es no Trabalho e na Sa\u00fade Mental de Agentes Comunit\u00e1rios de Sa\u00fade<\/a>\r\n\t\t\t\t\t\t<\/h3>\r\n\t\t\t\t\t\t<div class=\"blog-one__bottom\">\r\n\t\t\t\t\t\t\t<a href=\"https:\/\/ceara.fiocruz.br\/nosapsbrasil\/covid-19-e-a-violencia-urbana-repercussoes-no-trabalho-e-na-saude-mental-de-agentes-comunitarios-de-saude\/\" class=\"blog-one__btn\">Leia Mais<\/a>\r\n\t\t\t\t\t\t\t<a href=\"https:\/\/ceara.fiocruz.br\/nosapsbrasil\/covid-19-e-a-violencia-urbana-repercussoes-no-trabalho-e-na-saude-mental-de-agentes-comunitarios-de-saude\/\" class=\"blog-one__arrow\"><span class=\"icon-right-arrow\"><\/span><\/a>\r\n\t\t\t\t\t\t<\/div>\r\n\t\t\t\t\t<\/div>\r\n\t\t\t\t<\/div>\r\n\t\t\t<\/div>\r\n\t\t\t\t\t<\/div>\r\n\t\t<\/div>\n\t\t\t\t<\/div>\n\t\t\t\t\t<\/div>\n\t\t<\/div>\n\t\t\t\t\t\t\t<\/div>\n\t\t<\/section>\n\t\t\t\t\t\t\t<\/div>\n\t\t","protected":false},"excerpt":{"rendered":"<p>Saiba mais sobre Nossos Projetos 30 maio Effect of Covid-19 and Violence on the Work Process and Mental Health of Community Health Agents in Brazil Leia Mais 30 maio Resili\u00eancia dosSistemas de Sa\u00fadeFrente \u00e0 Covid-19 e \u00e0Viol\u00eancia Urbana naperspectiva doAgente Comunit\u00e1riode Sa\u00fade Leia Mais 31 mar Impacto da Viol\u00eancia no Processo de Trabalho e Sa\u00fade [&hellip;]<\/p>\n","protected":false},"author":1,"featured_media":0,"parent":0,"menu_order":0,"comment_status":"closed","ping_status":"closed","template":"elementor_header_footer","meta":{"footnotes":""},"class_list":["post-1349","page","type-page","status-publish","hentry"],"_links":{"self":[{"href":"https:\/\/ceara.fiocruz.br\/nosapsbrasil\/wp-json\/wp\/v2\/pages\/1349","targetHints":{"allow":["GET"]}}],"collection":[{"href":"https:\/\/ceara.fiocruz.br\/nosapsbrasil\/wp-json\/wp\/v2\/pages"}],"about":[{"href":"https:\/\/ceara.fiocruz.br\/nosapsbrasil\/wp-json\/wp\/v2\/types\/page"}],"author":[{"embeddable":true,"href":"https:\/\/ceara.fiocruz.br\/nosapsbrasil\/wp-json\/wp\/v2\/users\/1"}],"replies":[{"embeddable":true,"href":"https:\/\/ceara.fiocruz.br\/nosapsbrasil\/wp-json\/wp\/v2\/comments?post=1349"}],"version-history":[{"count":19,"href":"https:\/\/ceara.fiocruz.br\/nosapsbrasil\/wp-json\/wp\/v2\/pages\/1349\/revisions"}],"predecessor-version":[{"id":3004,"href":"https:\/\/ceara.fiocruz.br\/nosapsbrasil\/wp-json\/wp\/v2\/pages\/1349\/revisions\/3004"}],"wp:attachment":[{"href":"https:\/\/ceara.fiocruz.br\/nosapsbrasil\/wp-json\/wp\/v2\/media?parent=1349"}],"curies":[{"name":"wp","href":"https:\/\/api.w.org\/{rel}","templated":true}]}}