{"id":430,"date":"2021-09-29T14:21:40","date_gmt":"2021-09-29T14:21:40","guid":{"rendered":"http:\/\/ceara.fiocruz.br\/gepess\/?page_id=430"},"modified":"2025-02-21T14:02:37","modified_gmt":"2025-02-21T14:02:37","slug":"biblioteca-de-arquivos","status":"publish","type":"page","link":"https:\/\/ceara.fiocruz.br\/gepess\/engenharia-de-proteinas\/biblioteca-de-arquivos\/","title":{"rendered":"Publica\u00e7\u00f5es"},"content":{"rendered":"\n<ul><li>\u00a0Molecular dynamics simulations of human L-asparaginase I: Insights into structural determinants of enzymatic activity<\/li><\/ul>\n\n\n\n<p class=\"has-text-align-left\"><sub>A enzima L-asparaginase \u00e9 empregada na terapia oncol\u00f3gica, por\u00e9m variantes comerciais apresentam imunogenicidade. HASNaseI, uma isoforma humana, surge como poss\u00edvel alternativa, embora sua estrutura 3D n\u00e3o tenha sido previamente caracterizada. Modelagem por homologia e simula\u00e7\u00f5es de Din\u00e2mica Molecular evidenciaram determinantes estruturais que modulam a efici\u00eancia catal\u00edtica. A intera\u00e7\u00e3o do substrato no s\u00edtio ativo \u00e9 influenciada por regi\u00f5es flex\u00edveis e pela estabiliza\u00e7\u00e3o alost\u00e9rica da Lys188. Essas particularidades estruturais podem justificar as diferen\u00e7as nas propriedades cin\u00e9ticas entre HASNase1, gpASNase1 e EcASNase2.<\/sub><\/p>\n\n\n\n<p><sub>\u00a0<a rel=\"noreferrer noopener\" href=\"https:\/\/doi.org\/10.1016\/j.jmgm.2021.108007\" target=\"_blank\">https:\/\/doi.org\/10.1016\/j.jmgm.2021.108007<\/a><\/sub><\/p>\n\n\n\n<ul><li><a href=\"http:\/\/ceara.fiocruz.br\/gepess\/wp-admin\/post.php?post=430&amp;action=edit\">Tese de doutorado<\/a><\/li><\/ul>\n\n\n\n<ul><li><a href=\"http:\/\/ceara.fiocruz.br\/gepess\/wp-admin\/post.php?post=430&amp;action=edit\">Tese de doutorado 01<\/a><\/li><\/ul>\n\n\n\n<p><\/p>\n","protected":false},"excerpt":{"rendered":"<p>\u00a0Molecular dynamics simulations of human L-asparaginase I: Insights into structural determinants of enzymatic activity A enzima L-asparaginase \u00e9 empregada na terapia oncol\u00f3gica, por\u00e9m variantes comerciais apresentam imunogenicidade. HASNaseI, uma isoforma humana, surge como poss\u00edvel alternativa, embora sua estrutura 3D n\u00e3o tenha sido previamente caracterizada. Modelagem por homologia e simula\u00e7\u00f5es de Din\u00e2mica Molecular evidenciaram determinantes estruturais [&hellip;]<\/p>\n","protected":false},"author":1,"featured_media":0,"parent":142,"menu_order":0,"comment_status":"closed","ping_status":"closed","template":"","meta":[],"_links":{"self":[{"href":"https:\/\/ceara.fiocruz.br\/gepess\/wp-json\/wp\/v2\/pages\/430"}],"collection":[{"href":"https:\/\/ceara.fiocruz.br\/gepess\/wp-json\/wp\/v2\/pages"}],"about":[{"href":"https:\/\/ceara.fiocruz.br\/gepess\/wp-json\/wp\/v2\/types\/page"}],"author":[{"embeddable":true,"href":"https:\/\/ceara.fiocruz.br\/gepess\/wp-json\/wp\/v2\/users\/1"}],"replies":[{"embeddable":true,"href":"https:\/\/ceara.fiocruz.br\/gepess\/wp-json\/wp\/v2\/comments?post=430"}],"version-history":[{"count":6,"href":"https:\/\/ceara.fiocruz.br\/gepess\/wp-json\/wp\/v2\/pages\/430\/revisions"}],"predecessor-version":[{"id":542,"href":"https:\/\/ceara.fiocruz.br\/gepess\/wp-json\/wp\/v2\/pages\/430\/revisions\/542"}],"up":[{"embeddable":true,"href":"https:\/\/ceara.fiocruz.br\/gepess\/wp-json\/wp\/v2\/pages\/142"}],"wp:attachment":[{"href":"https:\/\/ceara.fiocruz.br\/gepess\/wp-json\/wp\/v2\/media?parent=430"}],"curies":[{"name":"wp","href":"https:\/\/api.w.org\/{rel}","templated":true}]}}